{"id":5689,"date":"2020-05-30T12:18:39","date_gmt":"2020-05-30T10:18:39","guid":{"rendered":"http:\/\/zorka.gettonet.rs\/contact\/"},"modified":"2020-07-01T13:50:51","modified_gmt":"2020-07-01T11:50:51","slug":"contact","status":"publish","type":"page","link":"https:\/\/www.elixirzorka.rs\/en\/contact\/","title":{"rendered":"Contact"},"content":{"rendered":"\n<div class=\"wp-block-group map-container position-relative\"><div class=\"wp-block-group__inner-container is-layout-flow wp-block-group-is-layout-flow\"><div id=\"map\"><\/div>\n\n\n\n<div class=\"wp-block-group map-inner container py-3 p-md-4\"><div class=\"wp-block-group__inner-container is-layout-flow wp-block-group-is-layout-flow\">\n<h4 class=\"wp-block-heading\"><strong>Elixir Zorka &#8211;<\/strong>\nMineral fertilizers production<\/h4>\n\n\n\n<p><strong>Headquarter:<\/strong><br>Bulevar Oslobo\u0111enja 79<br>21000 Novi Sad, Srbija<br>+381 21 215 54 25<br><a href=\"mailto:office@elixirzorka.rs\">office@elixirzorka.rs<\/a><br><a href=\"mailto:agronomist@elixiragrar.rs\">agronomist@elixiragrar.rs<\/a><\/p>\n\n\n\n<p><strong>Production:<\/strong> <br>Hajduk Veljkova 1<br>15000 \u0160abac, Srbija<\/p>\n<\/div><\/div>\n<\/div><\/div>\n\n\n<div class=\"container mb-2 container container-medium offset-lg-top\">\n\t\n<div class=\"row mx-0\">\n\t\n\n<div class=\"col-12 col-md-6\">\n\t\t\n\n<figure class=\"wp-block-image size-large img-left\"><img loading=\"lazy\" decoding=\"async\" width=\"1024\" height=\"726\" src=\"https:\/\/www.elixirzorka.rs\/wp-content\/uploads\/2017\/10\/Zorka-cam-3-NEW-side-no-logo-e1508844422378-1024x726.jpg\" alt=\"\" class=\"wp-image-716\" srcset=\"https:\/\/www.elixirzorka.rs\/wp-content\/uploads\/2017\/10\/Zorka-cam-3-NEW-side-no-logo-e1508844422378-1024x726.jpg 1024w, https:\/\/www.elixirzorka.rs\/wp-content\/uploads\/2017\/10\/Zorka-cam-3-NEW-side-no-logo-e1508844422378-600x425.jpg 600w, https:\/\/www.elixirzorka.rs\/wp-content\/uploads\/2017\/10\/Zorka-cam-3-NEW-side-no-logo-e1508844422378-150x106.jpg 150w, https:\/\/www.elixirzorka.rs\/wp-content\/uploads\/2017\/10\/Zorka-cam-3-NEW-side-no-logo-e1508844422378-768x545.jpg 768w, https:\/\/www.elixirzorka.rs\/wp-content\/uploads\/2017\/10\/Zorka-cam-3-NEW-side-no-logo-e1508844422378.jpg 1519w\" sizes=\"auto, (max-width: 1024px) 100vw, 1024px\" \/><\/figure>\n\n<\/div>\n\n\n\n<div class=\"col-12 col-md-6 align-self-center align-self-lg-start pt-lg-5\">\n\t\t\n\n<h2 class=\"has-text-align-center mt-lg-45 wp-block-heading\">You have a question for us?<\/h2>\n\n\n\n<p class=\"has-text-align-center\">Feel free to contact us, we are open to all of your questions and suggestions:<a href=\"mailto:office@elixirzorka.rs\"><\/a><\/p>\n\n<\/div>\n\n<\/div>\n\n\n<div class=\"row mx-0 elixir-contact-row\">\n\t\n\n<div class=\"col-12 col-lg-6 elixir-contact-before align-self-center\">\n\t\t\n\n<h5 class=\"has-text-align-center wp-block-heading\">Did you know?<\/h5>\n\n\n\n<p class=\"has-text-align-center\">The factory in \u0160abac, named after the wife of King Peter the First Kara\u0111or\u0111evi\u0107 (the eldest daughter of the Montenegrin prince, later king, Nikola Petrovi\u0107), began operations on St. Demetrius, November 8th, 1938, an event attended by the Prime Minister of the Kingdom of Yugoslavia, Milan Stojadinovi\u0107. From the first sulfuric acid plant until the beginning of the breakup of the SFRY, Zorka was synonymous with the industrial development of \u0160abac.<\/p>\n\n<\/div>\n\n\n\n<div class=\"col-12 col-lg-6 elixir-contact  bg-white p-45\">\n\t\t\n\n<div class=\"wpcf7 no-js\" id=\"wpcf7-f5699-o1\" lang=\"en-US\" dir=\"ltr\" data-wpcf7-id=\"5699\">\n<div class=\"screen-reader-response\"><p role=\"status\" aria-live=\"polite\" aria-atomic=\"true\"><\/p> <ul><\/ul><\/div>\n<form action=\"\/en\/wp-json\/wp\/v2\/pages\/5689#wpcf7-f5699-o1\" method=\"post\" class=\"wpcf7-form init\" aria-label=\"Contact form\" novalidate=\"novalidate\" data-status=\"init\">\n<fieldset class=\"hidden-fields-container\"><input type=\"hidden\" name=\"_wpcf7\" value=\"5699\" \/><input type=\"hidden\" name=\"_wpcf7_version\" value=\"6.1.5\" \/><input type=\"hidden\" name=\"_wpcf7_locale\" value=\"en_US\" \/><input type=\"hidden\" name=\"_wpcf7_unit_tag\" value=\"wpcf7-f5699-o1\" \/><input type=\"hidden\" name=\"_wpcf7_container_post\" value=\"0\" \/><input type=\"hidden\" name=\"_wpcf7_posted_data_hash\" value=\"\" \/><input type=\"hidden\" name=\"_wpcf7_recaptcha_response\" value=\"\" \/>\n<\/fieldset>\n<div class=\"row\">\n\t<div class=\"col-12 mb-45\">\n\t\t<p><span class=\"wpcf7-form-control-wrap\" data-name=\"poruka\"><textarea cols=\"40\" rows=\"10\" maxlength=\"2000\" class=\"wpcf7-form-control wpcf7-textarea wpcf7-validates-as-required\" aria-required=\"true\" aria-invalid=\"false\" placeholder=\"Message*\" name=\"poruka\"><\/textarea><\/span>\n\t\t<\/p>\n\t<\/div>\n\t<div class=\"col-sm-6 mb-45\">\n\t\t<p><span class=\"wpcf7-form-control-wrap\" data-name=\"ime\"><input size=\"40\" maxlength=\"400\" class=\"wpcf7-form-control wpcf7-text wpcf7-validates-as-required\" aria-required=\"true\" aria-invalid=\"false\" placeholder=\"Name*\" value=\"\" type=\"text\" name=\"ime\" \/><\/span>\n\t\t<\/p>\n\t<\/div>\n\t<div class=\"col-sm-6 mb-45\">\n\t\t<p><span class=\"wpcf7-form-control-wrap\" data-name=\"email\"><input size=\"40\" maxlength=\"400\" class=\"wpcf7-form-control wpcf7-email wpcf7-validates-as-required wpcf7-text wpcf7-validates-as-email\" aria-required=\"true\" aria-invalid=\"false\" placeholder=\"Email*\" value=\"\" type=\"email\" name=\"email\" \/><\/span>\n\t\t<\/p>\n\t<\/div>\n\t<div class=\"col-12\">\n\t\t<p><input class=\"wpcf7-form-control wpcf7-submit has-spinner btn btn-primary btn-elixir-lg text-white rounded-0\" type=\"submit\" value=\"Send\" \/>\n\t\t<\/p>\n\t<\/div>\n<\/div><div class=\"wpcf7-response-output\" aria-hidden=\"true\"><\/div>\n<\/form>\n<\/div>\n\n\n<\/div>\n\n<\/div>\n\n\n\n<p><\/p>\n\n<\/div>\n","protected":false},"excerpt":{"rendered":"<p>Elixir Zorka &#8211; Mineral fertilizers production Headquarter:Bulevar Oslobo\u0111enja 7921000 Novi Sad, Srbija+381 21 215 54 25office@elixirzorka.rsagronomist@elixiragrar.rs Production: Hajduk Veljkova 115000 \u0160abac, Srbija&#8230;<\/p>\n","protected":false},"author":1,"featured_media":0,"parent":0,"menu_order":2,"comment_status":"closed","ping_status":"closed","template":"page-templates\/empty.php","meta":{"_monsterinsights_skip_tracking":false,"_monsterinsights_sitenote_active":false,"_monsterinsights_sitenote_note":"","_monsterinsights_sitenote_category":0,"youtube-video-url":"","footnotes":""},"class_list":["post-5689","page","type-page","status-publish","hentry"],"_links":{"self":[{"href":"https:\/\/www.elixirzorka.rs\/en\/wp-json\/wp\/v2\/pages\/5689","targetHints":{"allow":["GET"]}}],"collection":[{"href":"https:\/\/www.elixirzorka.rs\/en\/wp-json\/wp\/v2\/pages"}],"about":[{"href":"https:\/\/www.elixirzorka.rs\/en\/wp-json\/wp\/v2\/types\/page"}],"author":[{"embeddable":true,"href":"https:\/\/www.elixirzorka.rs\/en\/wp-json\/wp\/v2\/users\/1"}],"replies":[{"embeddable":true,"href":"https:\/\/www.elixirzorka.rs\/en\/wp-json\/wp\/v2\/comments?post=5689"}],"version-history":[{"count":0,"href":"https:\/\/www.elixirzorka.rs\/en\/wp-json\/wp\/v2\/pages\/5689\/revisions"}],"wp:attachment":[{"href":"https:\/\/www.elixirzorka.rs\/en\/wp-json\/wp\/v2\/media?parent=5689"}],"curies":[{"name":"wp","href":"https:\/\/api.w.org\/{rel}","templated":true}]}}